{"id":9874,"date":"2018-02-13T11:07:45","date_gmt":"2018-02-13T10:07:45","guid":{"rendered":"https:\/\/sixlands.it\/cookies-policy\/"},"modified":"2018-06-13T10:40:30","modified_gmt":"2018-06-13T08:40:30","slug":"cookies-policy","status":"publish","type":"page","link":"https:\/\/sixlands.it\/en\/cookies-policy\/","title":{"rendered":"Cookies Policy"},"content":{"rendered":"<div class=\"wpb-content-wrapper\"><p>[vc_row][vc_column][vc_single_image image=&#8221;9858&#8243; img_size=&#8221;large&#8221; alignment=&#8221;center&#8221;][\/vc_column][\/vc_row][vc_row][vc_column width=&#8221;1\/6&#8243;][\/vc_column][vc_column width=&#8221;2\/3&#8243;][vc_column_text]<\/p>\n<div class=\"container margin-top\">\n<div class=\"twelve columns\">\n<article id=\"post-1834\" class=\"post-1834 page type-page status-publish hentry\">\n<div class=\"common-content-area margin-top\">\n<div class=\"entry-content\">\n<div class=\"vc_row wpb_row vc_row-fluid\">\n<div class=\"wpb_column vc_column_container vc_col-sm-12\">\n<div class=\"vc_column-inner\">\n<div class=\"wpb_wrapper\">\n<h2 class=\"vc_custom_heading b2bg_h2\" style=\"text-align: justify;\">Normativa ed informazioni inerenti ai cookies<\/h2>\n<div class=\"wpb_text_column wpb_content_element\">\n<div class=\"wpb_wrapper\">\n<p style=\"text-align: justify;\">I cookie sono piccoli file di testo che i siti visitati dagli utenti inviano ai loro terminali, ove sono temporaneamente\u00a0memorizzati per essere poi ritrasmessi verso i\u00a0siti alle visite successive. Un cookie non pu\u00f2 leggere dati personali salvati sul disco fisso o file di cookie creati da altri siti, poich\u00e9 le sole informazioni che pu\u00f2 contenere sono quelle fornite dall\u2019utente stesso.<\/p>\n<p style=\"text-align: justify;\">L\u2019accesso ad una o pi\u00f9 pagine di questo sito pu\u00f2 generare:<\/p>\n<ul class='dt-sc-fancy-list  green serviceMain arrow'>\n<li style=\"text-align: justify;\"><strong>Cookie tecnici<\/strong>: utilizzati per agevolare l\u2019autenticazione al sito o raccolti a fini statistici con l\u2019obiettivo di\u00a0analizzare\u00a0informazioni in forma aggregata sul numero degli utenti e su come questi visitano il sito. I dati ricavati da questi cookie sono trattati esclusivamente per verificare il buon funzionamento del sito, per scopi statistici e per l\u2019elaborazione di report sull\u2019utilizzo del sito stesso da parte degli utenti.\u00a0Vengono inoltre utilizzati cookie di sessione per garantire un\u2019efficace utilizzo del portale e per l\u2019autenticazione ai servizi on-line consentendo, ad esempio, di accedere ad aree riservate. Si tratta per lo pi\u00f9 di cookie che non vengono memorizzati in modo persistente sul computer dell\u2019utente e svaniscono con la chiusura del browser ed il cui uso \u00e8 strettamente limitato alla trasmissione di identificativi di sessione. L\u2019uso di questi cookie non consente l\u2019acquisizione di dati personali identificativi dell\u2019utente.<\/li>\n<li style=\"text-align: justify;\"><strong>Cookie di terze parti<\/strong>: per l\u2019utilizzo di social network ed altre applicazioni possono essere installati sul terminale degli utenti, attraverso questo portale, cookie di terze parti sulle quali gravano gli obblighi di informativa e consenso prescritti dal Garante per la protezione dei dati personali. I cookie installati da terze parti sono riconducibili ai social media quali Facebook, Twitter, Google+ etc. per i quali si rimanda per la consultazione delle relative policy e informative:\u00a0\u00a0<\/li>\n<\/ul>\n<p><em>Facebook<\/em><\/p>\n<p style=\"text-align: justify;\"><a class=\"b2bg_link\" href=\"https:\/\/it-it.facebook.com\/privacy\/explanation\" target=\"_blank\" rel=\"noopener\">https:\/\/it-it.facebook.com\/privacy\/explanation<\/a><\/p>\n<p style=\"text-align: justify;\"><a class=\"b2bg_link\" href=\"https:\/\/www.facebook.com\/help\/cookies\/update\" target=\"_blank\" rel=\"noopener\">https:\/\/www.facebook.com\/help\/cookies\/update<\/a><\/p>\n<p style=\"text-align: justify;\"><em>Twitter<\/em><\/p>\n<p style=\"text-align: justify;\"><a class=\"b2bg_link\" href=\"https:\/\/twitter.com\/privacy?lang=it\" target=\"_blank\" rel=\"noopener\">https:\/\/twitter.com\/privacy?lang=it<\/a><\/p>\n<p style=\"text-align: justify;\"><a class=\"b2bg_link\" href=\"https:\/\/support.twitter.com\/articles\/20170519-uso-dei-cookie-e-di-altre-tecnologie-simili-da-parte-di-twitter\" target=\"_blank\" rel=\"noopener\">https:\/\/support.twitter.com\/articles\/20170519-uso-dei-cookie-e-di-altre-tecnologie-simili-da-parte-di-twitter<\/a><\/p>\n<p style=\"text-align: justify;\"><em>Instagram<\/em><\/p>\n<p style=\"text-align: justify;\"><a class=\"b2bg_link\" href=\"https:\/\/instagram.com\/about\/legal\/privacy\/\" target=\"_blank\" rel=\"noopener\">https:\/\/instagram.com\/about\/legal\/privacy\/<\/a><\/p>\n<p style=\"text-align: justify;\"><a class=\"b2bg_link\" href=\"https:\/\/instagram.com\/legal\/cookies\/\" target=\"_blank\" rel=\"noopener\">https:\/\/instagram.com\/legal\/cookies\/<\/a><\/p>\n<p style=\"text-align: justify;\"><em>YouTube<\/em><\/p>\n<p style=\"text-align: justify;\"><a class=\"b2bg_link\" href=\"https:\/\/www.google.it\/intl\/it\/policies\/privacy\/\" target=\"_blank\" rel=\"noopener\">https:\/\/www.google.it\/intl\/it\/policies\/privacy\/<\/a><\/p>\n<p style=\"text-align: justify;\"><a class=\"b2bg_link\" href=\"https:\/\/www.google.it\/intl\/it\/policies\/technologies\/cookies\/\" target=\"_blank\" rel=\"noopener\">https:\/\/www.google.it\/intl\/it\/policies\/technologies\/cookies\/<\/a><\/p>\n<p style=\"text-align: justify;\"><em>Google Analytics<\/em><\/p>\n<p style=\"text-align: justify;\"><a class=\"b2bg_link\" href=\"https:\/\/www.google.com\/analytics\/learn\/privacy.html?hl=it\">https:\/\/www.google.com\/analytics\/learn\/privacy.html?hl=it<\/a><\/p>\n<p style=\"text-align: justify;\"><em>LinkedIn<\/em><\/p>\n<p style=\"text-align: justify;\"><a class=\"b2bg_link\" href=\"https:\/\/www.linkedin.com\/legal\/privacy-policy\">https:\/\/www.linkedin.com\/legal\/privacy-policy<\/a><\/p>\n<p style=\"text-align: justify;\"><a class=\"b2bg_link\" href=\"https:\/\/www.linkedin.com\/legal\/cookie-policy\">https:\/\/www.linkedin.com\/legal\/cookie-policy<\/a><\/p>\n<p style=\"text-align: justify;\"><em>Whatsapp<\/em><\/p>\n<p style=\"text-align: justify;\"><a class=\"b2bg_link\" href=\"https:\/\/www.whatsapp.com\/legal\/?l=it\">https:\/\/www.whatsapp.com\/legal\/?l=it<\/a><\/p>\n<\/div>\n<\/div>\n<h2 class=\"vc_custom_heading b2bg_h2\" style=\"text-align: justify;\">Cookie di remarketing<\/h2>\n<div class=\"wpb_text_column wpb_content_element\" style=\"text-align: justify;\">\n<div class=\"wpb_wrapper\">\n<p>Questo tipo di servizi consente al sito ed ai suoi partner di comunicare, ottimizzare e servire annunci pubblicitari basati sull\u2019utilizzo passato del sito da parte dell\u2019Utente.\u00a0L\u2019attivit\u00e0 viene effettuata tramite il tracciamento di Dati di Utilizzo e Cookie, informazioni che vengono trasferite ai partner a cui l\u2019attivit\u00e0 di remarketing e behavioral targeting \u00e8 collegata.\u00a0l\u2019Utente pu\u00f2 escludere in qualsiasi momento la ricezione ed il tracciamento di questo tipo\u00a0di cookie, visitando la pagina\u00a0\u00a0<a class=\"b2bg_link\" href=\"http:\/\/optout.networkadvertising.org\/\" target=\"_blank\" rel=\"noopener\">pagina messa a disposizione dal NAI (Network Advertising Initiative)<\/a>.<\/p>\n<p><strong>AdWords Remarketing\u00a0 di Google<\/strong><\/p>\n<p>In particolare, AdWords Remarketing \u00e8 un servizio di remarketing e targeting comportamentale fornito da Google Inc. che collega l\u2019attivit\u00e0 di questo\u00a0sito con il network di advertising Adwords e Doubleclick.<\/p>\n<p>Dati Personali raccolti:<em>\u00a0Cookie e dati di utilizzo in forma anonima.<\/em><\/p>\n<p>Luogo del trattamento: USA \u2013\u00a0<a class=\"b2bg_link\" href=\"http:\/\/www.google.com\/intl\/it\/policies\/privacy\/\" target=\"_blank\" rel=\"noopener\">Privacy Policy<\/a>\u00a0\u2013\u00a0<a class=\"b2bg_link\" href=\"https:\/\/www.google.com\/settings\/ads\/onweb\/optout\" target=\"_blank\" rel=\"noopener\">Escludi questi cookies<\/a><\/p>\n<\/div>\n<\/div>\n<h2 class=\"vc_custom_heading b2bg_h2\" style=\"text-align: justify;\">Come disabilitare i cookies<\/h2>\n<div class=\"wpb_text_column wpb_content_element\">\n<div class=\"wpb_wrapper\">\n<p style=\"text-align: justify;\">La maggior parte dei browser accetta i cookies automaticamente, ma \u00e8 possibile disabilitare questo comportamento a prescindere dal tipo di cookie ricevuto. Se non si desidera ricevere o salvare\u00a0i cookie, si possono modificare le impostazioni di sicurezza del proprio browser (Internet Explorer, Chrome, Firefox, etc\u2026). Ciascun browser presenta modalit\u00e0\u00a0diverse per la gestione delle impostazioni. Indicazioni circa le modalit\u00e0 di gestione dei cookie possono essere acquisite consultando i siti ufficiali dei browser. Per comodit\u00e0 vengono qui riportati alcuni link utili:<\/p>\n<ul>\n<li style=\"text-align: justify;\"><a class=\"b2bg_link\" title=\"Cookie Google Chrome\" href=\"https:\/\/support.google.com\/accounts\/answer\/61416?hl=it\" target=\"_blank\" rel=\"noopener\">Google Chrome<\/a><\/li>\n<li style=\"text-align: justify;\"><a class=\"b2bg_link\" title=\"Cookie Firefox\" href=\"https:\/\/support.mozilla.org\/it\/kb\/Attivare%20e%20disattivare%20i%20cookie\" target=\"_blank\" rel=\"noopener\">Firefox<\/a><\/li>\n<li style=\"text-align: justify;\"><a class=\"b2bg_link\" title=\"Cookie Internet Explorer\" href=\"https:\/\/support.microsoft.com\/it-it\/help\/17442\/windows-internet-explorer-delete-manage-cookies\" target=\"_blank\" rel=\"noopener\">Internet Explorer<\/a><\/li>\n<li style=\"text-align: justify;\"><a class=\"b2bg_link\" title=\"Cookie Safari\" href=\"https:\/\/support.apple.com\/kb\/ph21411\" target=\"_blank\" rel=\"noopener\">Safari<\/a><\/li>\n<li style=\"text-align: justify;\"><a class=\"b2bg_link\" title=\"Cookie Opera\" href=\"http:\/\/help.opera.com\/Windows\/10.00\/it\/cookies.html\" target=\"_blank\" rel=\"noopener\">Opera<\/a><\/li>\n<\/ul>\n<\/div>\n<\/div>\n<\/div>\n<\/div>\n<\/div>\n<\/div>\n<div class=\"essb_break_scroll\"><\/div>\n<\/div>\n<\/div>\n<\/article>\n<\/div>\n<\/div>\n<p>[\/vc_column_text][vc_column_text]<\/p>\n<p style=\"text-align: center;\">Consulta anche la nostra <a href=\"https:\/\/sixlands.it\/en\/privacy\/\"><strong>informativa sulla privacy<\/strong><\/a><\/p>\n<p>[\/vc_column_text][\/vc_column][\/vc_row]<\/p>\n<\/div>","protected":false},"excerpt":{"rendered":"<p>[vc_row][vc_column][vc_single_image image=&#8221;9858&#8243; img_size=&#8221;large&#8221; alignment=&#8221;center&#8221;][\/vc_column][\/vc_row][vc_row][vc_column width=&#8221;1\/6&#8243;][\/vc_column][vc_column width=&#8221;2\/3&#8243;][vc_column_text] Normativa ed informazioni inerenti ai cookies I cookie sono piccoli file di testo che i siti visitati dagli utenti inviano ai loro terminali, ove sono temporaneamente\u00a0memorizzati per essere poi ritrasmessi verso i\u00a0siti alle visite successive. Un cookie non pu\u00f2 leggere dati personali salvati sul disco fisso o file di [&hellip;]<\/p>\n","protected":false},"author":1,"featured_media":9859,"parent":0,"menu_order":0,"comment_status":"closed","ping_status":"closed","template":"","meta":{"_acf_changed":false,"footnotes":""},"class_list":["post-9874","page","type-page","status-publish","has-post-thumbnail","hentry"],"acf":[],"aioseo_notices":[],"amp_enabled":true,"_links":{"self":[{"href":"https:\/\/sixlands.it\/en\/wp-json\/wp\/v2\/pages\/9874\/"}],"collection":[{"href":"https:\/\/sixlands.it\/en\/wp-json\/wp\/v2\/pages\/"}],"about":[{"href":"https:\/\/sixlands.it\/en\/wp-json\/wp\/v2\/types\/page\/"}],"author":[{"embeddable":true,"href":"https:\/\/sixlands.it\/en\/wp-json\/wp\/v2\/users\/1\/"}],"replies":[{"embeddable":true,"href":"https:\/\/sixlands.it\/en\/wp-json\/wp\/v2\/comments\/?post=9874"}],"version-history":[{"count":5,"href":"https:\/\/sixlands.it\/en\/wp-json\/wp\/v2\/pages\/9874\/revisions\/"}],"predecessor-version":[{"id":11274,"href":"https:\/\/sixlands.it\/en\/wp-json\/wp\/v2\/pages\/9874\/revisions\/11274\/"}],"wp:featuredmedia":[{"embeddable":true,"href":"https:\/\/sixlands.it\/en\/wp-json\/wp\/v2\/media\/9859\/"}],"wp:attachment":[{"href":"https:\/\/sixlands.it\/en\/wp-json\/wp\/v2\/media\/?parent=9874"}],"curies":[{"name":"wp","href":"https:\/\/api.w.org\/{rel}","templated":true}]}}