{"id":9812,"date":"2018-01-17T11:23:45","date_gmt":"2018-01-17T10:23:45","guid":{"rendered":"https:\/\/sixlands.it\/cleaning-services\/sicurezza-sul-lavoro\/"},"modified":"2018-05-14T14:56:00","modified_gmt":"2018-05-14T12:56:00","slug":"sicurezza-sul-lavoro","status":"publish","type":"page","link":"https:\/\/sixlands.it\/en\/sicurezza-sul-lavoro\/","title":{"rendered":"Sicurezza sul Lavoro"},"content":{"rendered":"<div class=\"wpb-content-wrapper\"><p>[vc_row][vc_column][vc_single_image image=&#8221;9444&#8243; img_size=&#8221;large&#8221; alignment=&#8221;center&#8221;][\/vc_column][\/vc_row][vc_row][vc_column width=&#8221;1\/6&#8243;][\/vc_column][vc_column width=&#8221;2\/3&#8243;][vc_column_text]<\/p>\n<p style=\"text-align: justify;\">Il <strong>settore delle <a href=\"https:\/\/sixlands.it\">imprese di pulizia<\/a><\/strong>\u00a0\u00e8 considerato uno dei comparti in cui il rischio di incidente \u00e8 pi\u00f9 frequente; il numero degli infortuni, infatti, \u00e8 molto elevato, e viene per questo paragonato dai professionisti della sicurezza sul lavoro, a quello di settori ad alto rischio infortunistico, come quello dei trasporti o dell\u2019edilizia.<\/p>\n<p style=\"text-align: justify;\">[\/vc_column_text][\/vc_column][\/vc_row][vc_row][vc_column width=&#8221;1\/6&#8243;][\/vc_column][vc_column width=&#8221;1\/3&#8243;][vc_column_text]<\/p>\n<p style=\"text-align: justify;\">Per garantire una maggiore <strong>sicurezza sul lavoro<\/strong> gli addetti alle pulizie, Six Lands effettua periodicamente dei <strong>corsi di formazione professionale nell\u2019ambito della sicurezza<\/strong>, e forma i proprio dipendenti all\u2019utilizzo di sistemi protettivi e <a href=\"https:\/\/sixlands.it\/materiali-di-consumo\/\"><strong>materiali per pulizie<\/strong><\/a>, fornendo loro le schede di sicurezza da utilizzare in caso di errato contatto con il prodotto o con le <a href=\"https:\/\/sixlands.it\/attrezzature-pulizia-professionale\/\"><strong>macchine professionali<\/strong><\/a>.<\/p>\n<p style=\"text-align: justify;\">Ogni <strong>impresa di pulizie regolare<\/strong> deve rispettare alcuni obblighi di valutazione dei rischi, <a href=\"https:\/\/www.sicurezzalavororoma.it\/it\/documento-di-valutazione-dei-rischi-dvr\" target=\"_blank\" rel=\"noopener\"><strong>DVR<\/strong><\/a>, che varia in base alla tipologia di impresa, alla struttura dei locali e ai macchinari presenti, nonch\u00e9 alle sostanze utilizzate o prodotte.<\/p>\n<p>[\/vc_column_text][\/vc_column][vc_column width=&#8221;1\/2&#8243;][vc_single_image image=&#8221;10538&#8243; img_size=&#8221;large&#8221; add_caption=&#8221;yes&#8221; alignment=&#8221;center&#8221; css_animation=&#8221;none&#8221;][\/vc_column][\/vc_row][vc_row][vc_column width=&#8221;1\/6&#8243;][\/vc_column][vc_column width=&#8221;2\/3&#8243;][vc_column_text]<\/p>\n<blockquote>\n<p style=\"text-align: center;\"><strong>DVR<\/strong>: \u00c8 uno dei documenti cardine del D.Lgs 81\/08 e viene trattato negli articoli 17 (Obblighi del datore di lavoro non delegabili) e 28. Il <strong>Documento di Valutazione dei Rischi<\/strong> ha come scopo principale, la necessit\u00e0 di una valutazione globale e documentata di tutti i rischi per la salute e la sicurezza dei lavoratori presenti nell\u2019ambito dell\u2019organizzazione in cui essi prestano la propria attivit\u00e0. Tale documento \u00e8 quindi finalizzato ad <strong>individuare le adeguate misure di prevenzione e di protezione<\/strong> e ad elaborare il programma delle misure atte a garantire il miglioramento nel tempo dei livelli di salute e sicurezza.<\/p>\n<\/blockquote>\n<p>[\/vc_column_text][vc_column_text]Il <strong>DVR<\/strong> rivolto alle imprese di pulizie civile industriale deve effettuare:<\/p>\n<ul class='dt-sc-fancy-list  green serviceMain arrow'>\n<li>Valutazione del rischio stress lavoro correlato<\/li>\n<li>Valutazione rischio chimico<\/li>\n<li>Valutazione rischio biologico<\/li>\n<li>Valutazione rischio postura<\/li>\n<li>Valutazione rischio rumore e vibrazioni<\/li>\n<li>Valutazione rischio incendio<\/li>\n<li>Valutazione procedura per utilizzo attrezzatura\u00a0\u00a0<\/li>\n<\/ul>\n<p style=\"text-align: justify;\">Per conoscere i rischi specifici di ogni attivit\u00e0, ogni impresa si avvale di <strong>un professionista del settore<\/strong> che, dopo aver valutato i rischi, stila una serie di linee guida da seguire.<\/p>\n<p style=\"text-align: justify;\">Solitamente le attivit\u00e0 di prevenzione si articolano a vari livelli, a cominciare dall&#8217;organizzazione del lavoro, dalla scelta di attrezzature aventi requisiti ergonomici, dall&#8217;uso dei dispositivi personali di protezione, fino ad arrivare al controllo sanitario.<\/p>\n<p style=\"text-align: justify;\">In visione di una <strong>corretta valutazione del rischio<\/strong>, infatti, Six Lands effettua anche una costante <strong>Sorveglianza Sanitaria (<\/strong>(D.Lgs. 81\/2008) con un medico competente, che si occupa di verificare attraverso una visita medica, la salute dei lavoratori.<\/p>\n<p style=\"text-align: justify;\">Ai professionisti che lavorano con Six Lands, vengono consegnate tutte le attrezzature richieste dal piano di valutazione nazionale per le imprese di pulizie. Inoltre, grazie a <strong>corsi di formazione specifici<\/strong> in fatto di sicurezza, i dipendenti sono a conoscenza dei metodi da impiegare per utilizzare le macchine, e hanno a disposizione in ogni intervento anche le schede di sicurezza dei prodotti a fine informativo o in caso d\u2019incidente.<\/p>\n<p style=\"text-align: justify;\">Rivolgersi a una <strong><a href=\"https:\/\/sixlands.it\">ditta di pulizie<\/a> professionali<\/strong> come Six Lands, significa contare su una ditta che utilizza <a href=\"https:\/\/sixlands.it\/pulizie-prodotti-ecolabel\/\"><strong>prodotti ecologici<\/strong><\/a> e attrezzature a norma e che ritiene prioritaria la salute e la sicurezza sul lavoro dei propri collaboratori.<\/p>\n<p>[\/vc_column_text][vc_single_image image=&#8221;10540&#8243; img_size=&#8221;large&#8221; add_caption=&#8221;yes&#8221; alignment=&#8221;center&#8221; css_animation=&#8221;appear&#8221;][vc_column_text]<\/p>\n<p style=\"text-align: justify;\">Ai professionisti che lavorano con Six Lands, vengono consegnate tutte le attrezzature richieste dal piano di valutazione nazionale per le imprese di pulizie. Inoltre, grazie a <strong>corsi di formazione specifici<\/strong> in fatto di sicurezza, i dipendenti sono a conoscenza dei metodi da impiegare per utilizzare le macchine, e hanno a disposizione in ogni intervento anche le schede di sicurezza dei prodotti a fine informativo o in caso d\u2019incidente.<\/p>\n<p style=\"text-align: justify;\">Rivolgersi a una impresa di<a href=\"https:\/\/sixlands.it\/servizi-pulizia-professionale\"><strong> servizi di pulizia professionali<\/strong><\/a>\u00a0come Six Lands, significa contare su una ditta che utilizza <a href=\"https:\/\/sixlands.it\/pulizie-prodotti-ecolabel\/\"><strong>prodotti ecologici<\/strong><\/a> e attrezzature a norma e che ritiene prioritaria la salute e la sicurezza sul lavoro dei propri collaboratori.<\/p>\n<p>[\/vc_column_text][vc_column_text]<\/p>\n<h2>A quali rischi vengono esposti i dipendenti se non vengono seguite le leggi di sicurezza sul lavoro?<\/h2>\n<p style=\"text-align: justify;\">L\u2019analisi del rischio dei dipendenti sul lavoro tiene conto dei processi lavorativi e degli ambienti di lavoro e delle attrezzature utilizzate.<\/p>\n<p style=\"text-align: justify;\">Tra i rischi pi\u00f9 comuni nelle <strong>imprese di pulizie professionali<\/strong>, abbiamo:<\/p>\n<ul class='dt-sc-fancy-list  green serviceMain arrow'>\n<li style=\"text-align: justify;\"><strong>Rischio di cadute dall\u2019alto<\/strong>: sono numerosi gli infortuni da caduta dalle scale portatili che sono spesso legati a lavori svolti in quota come la pulizia dei vetri, delle tapparelle ecc. Se utilizzate scorrettamente, o danneggiate le scale possono procurare una caduta dall\u2019alto per slittamento o spostamento improvviso, rottura della scala, cedimento e ribaltamento degli appoggi; caduta di oggetti durante il lavoro sulla scala;<\/li>\n<li style=\"text-align: justify;\"><strong>Rischio ergonomico:<\/strong>\u00a0nel caso dei dipendenti che svolgono i servizi per un\u2019azienda di pulizie, l\u2019utilizzo per esempio di spazzoloni, secchi e scale, pu\u00f2 comportare rischi da movimenti scorretti o ripetuti, con conseguenti possibili lesioni di tipo muscolo scheletrico, o contusioni per cadute.<\/li>\n<li style=\"text-align: justify;\"><strong>Rischio Vibrazioni:<\/strong>\u00a0l\u2019utilizzo di macchine per la pulizia come aspirapolveri, monospazzole, idro-pulitrici, lucidatrici, possono comportare anche il rischio di elettrocuzione, di esposizione a sorgenti rumorose e vibrazioni. Le vibrazioni possono aggravare gli effetti delle altre sollecitazioni fisiche come posture incongrue, trasporto di pesi rilevanti, movimenti ripetitivi. Le macchine per le pulizie possono esporre i lavoratori delle pulizie a vibrazioni mano-braccia che potrebbero determinare problemi muscolo scheletrici.<\/li>\n<li style=\"text-align: justify;\"><strong>Rischio Chimico:<\/strong> \u00a0 per quanto riguarda i rischi nell\u2019ambito delle pulizie civile e industriali, un altro rischio \u00e8 quello legato al rischio chimico relativo all\u2019utilizzo di prodotti per la pulizia e la disinfezione; tali prodotti possono essere tossici, corrosivi piuttosto che infiammabili, e per questo la loro manipolazione deve essere controllata mediante una serie di procedure che prevedano anche un sistema efficace di trasmissione dei contenuti agli addetti da parte dell\u2019impresa di pulizie.<\/li>\n<\/ul>\n<p style=\"text-align: justify;\">Esistono inoltre anche <strong>situazioni di pulizie estremamente<\/strong> specifiche in cui i rischi relativi agli ambienti di lavoro vanno valutati volta per volta come nel caso delle <a href=\"https:\/\/sixlands.it\/pulizie-civili-industriali\"><strong>pulizie di vetri<\/strong><\/a> e finestre in quota, le pulizie di camini o canne fumarie, di fornaci, di inceneritori, di caldaie, di condotti di ventilazione e di dispositivi di evacuazione dei fumi.<\/p>\n<p style=\"text-align: justify;\">Per effettuare un <strong>servizio sicuro<\/strong> e che riduca al minimo i rischi, \u00e8 essenziale che l\u2019impresa di pulizie elabori una valutazione congiunta che coinvolga anche i proprietari degli edifici, ove siano evidenziati eventuali rischi (scale, parapetti, gradini, pavimenti che diventano scivolosi quando bagnati) e relative misure preventive e protettive.<\/p>\n<p>[\/vc_column_text][vc_btn title=&#8221;<strong> RICHIEDI UN PREVENTIVO COMPLETAMENTE GRATUITO<\/strong>&#8221; style=&#8221;outline-custom&#8221; outline_custom_color=&#8221;#52b237&#8243; outline_custom_hover_background=&#8221;#62b24c&#8221; outline_custom_hover_text=&#8221;#ffffff&#8221; size=&#8221;lg&#8221; align=&#8221;center&#8221; i_icon_fontawesome=&#8221;fa fa-hand-o-right&#8221; css_animation=&#8221;fadeIn&#8221; button_block=&#8221;true&#8221; add_icon=&#8221;true&#8221; custom_onclick=&#8221;true&#8221; link=&#8221;url:https%3A%2F%2Fsixlands.it%2Fpreventivi-pulizie%2F|title:CONTATTACI|target:%20_blank|&#8221; css=&#8221;.vc_custom_1521455547737{background-color: #ffffff !important;border-radius: 4px !important;}&#8221;][vc_column_text]<\/p>\n<p style=\"text-align: justify;\">Six Lands \u00e8 molto attenta alle normative in uso e alla salute dei propri collaboratori e per questo mette a disposizione di tutte le imprese clienti che lo richiederanno:<\/p>\n<ul class='dt-sc-fancy-list  green serviceMain arrow'>\n<li><strong>Durc:<\/strong> Documento unico di regolarit\u00e0 contributiva, \u00e8 il certificato che attesta che l\u2019azienda, o il professionista, \u00e8 in regola con il pagamento dei contributi previdenziali e assistenziali obbligatori e dei premi assicurativi. Inoltre il Documento di regolarit\u00e0 contributiva attesta la regolarit\u00e0 degli adempimenti nei confronti dell\u2019Inps, dell\u2019Inail.<\/li>\n<li><strong>Unilav<\/strong>: \u00a0\u00e8 il modello telematico con il quale viene comunicata all&#8217;ufficio per l&#8217;Impiego la costituzione del rapporto di lavoro. Attraverso questo avviso telematico, vengono trasmessi i dati del datore, del lavoratore e le caratteristiche del rapporto.<\/li>\n<\/ul>\n<p style=\"text-align: justify;\">[\/vc_column_text][\/vc_column][\/vc_row][vc_row][vc_column width=&#8221;1\/6&#8243;][\/vc_column][vc_column width=&#8221;1\/3&#8243;][vc_column_text]<\/p>\n<p style=\"text-align: justify;\">Siamo convinti che solo un lavoro sicuro e in regola possa garantire <strong>prestazioni ottimali<\/strong> e che i corsi di formazioni in fatto di sicurezza sul lavoro siano essenziali al fine di evitare spiacevoli incidenti, poich\u00e9 una maggiore conoscenza, produce una maggiore capacit\u00e0 e esperienza.<\/p>\n<p style=\"text-align: justify;\">Contattaci per un <a href=\"https:\/\/sixlands.it\/en\/cleaning-estimates\/\"><strong>preventivo gratuito<\/strong><\/a>!<\/p>\n<p>[\/vc_column_text][\/vc_column][vc_column width=&#8221;1\/2&#8243;][vc_single_image image=&#8221;10544&#8243; img_size=&#8221;large&#8221; add_caption=&#8221;yes&#8221; alignment=&#8221;center&#8221; css_animation=&#8221;none&#8221;][\/vc_column][\/vc_row]<\/p>\n<\/div>","protected":false},"excerpt":{"rendered":"<p>[vc_row][vc_column][vc_single_image image=&#8221;9444&#8243; img_size=&#8221;large&#8221; alignment=&#8221;center&#8221;][\/vc_column][\/vc_row][vc_row][vc_column width=&#8221;1\/6&#8243;][\/vc_column][vc_column width=&#8221;2\/3&#8243;][vc_column_text] Il settore delle imprese di pulizia\u00a0\u00e8 considerato uno dei comparti in cui il rischio di incidente \u00e8 pi\u00f9 frequente; il numero degli infortuni, infatti, \u00e8 molto elevato, e viene per questo paragonato dai professionisti della sicurezza sul lavoro, a quello di settori ad alto rischio infortunistico, come quello dei [&hellip;]<\/p>\n","protected":false},"author":1,"featured_media":9445,"parent":7102,"menu_order":0,"comment_status":"closed","ping_status":"closed","template":"","meta":{"_acf_changed":false,"footnotes":""},"class_list":["post-9812","page","type-page","status-publish","has-post-thumbnail","hentry"],"acf":[],"aioseo_notices":[],"amp_enabled":true,"_links":{"self":[{"href":"https:\/\/sixlands.it\/en\/wp-json\/wp\/v2\/pages\/9812\/"}],"collection":[{"href":"https:\/\/sixlands.it\/en\/wp-json\/wp\/v2\/pages\/"}],"about":[{"href":"https:\/\/sixlands.it\/en\/wp-json\/wp\/v2\/types\/page\/"}],"author":[{"embeddable":true,"href":"https:\/\/sixlands.it\/en\/wp-json\/wp\/v2\/users\/1\/"}],"replies":[{"embeddable":true,"href":"https:\/\/sixlands.it\/en\/wp-json\/wp\/v2\/comments\/?post=9812"}],"version-history":[{"count":7,"href":"https:\/\/sixlands.it\/en\/wp-json\/wp\/v2\/pages\/9812\/revisions\/"}],"predecessor-version":[{"id":11310,"href":"https:\/\/sixlands.it\/en\/wp-json\/wp\/v2\/pages\/9812\/revisions\/11310\/"}],"up":[{"embeddable":true,"href":"https:\/\/sixlands.it\/en\/wp-json\/wp\/v2\/pages\/7102\/"}],"wp:featuredmedia":[{"embeddable":true,"href":"https:\/\/sixlands.it\/en\/wp-json\/wp\/v2\/media\/9445\/"}],"wp:attachment":[{"href":"https:\/\/sixlands.it\/en\/wp-json\/wp\/v2\/media\/?parent=9812"}],"curies":[{"name":"wp","href":"https:\/\/api.w.org\/{rel}","templated":true}]}}