{"id":7396,"date":"2017-03-31T16:17:43","date_gmt":"2017-03-31T14:17:43","guid":{"rendered":"http:\/\/sixlands.it\/special-event-services\/salone-del-mobile\/"},"modified":"2018-01-17T08:51:14","modified_gmt":"2018-01-17T07:51:14","slug":"salone-del-mobile","status":"publish","type":"page","link":"https:\/\/sixlands.it\/en\/cleaning-services\/domestic-industrial-cleaning\/special-event-services\/salone-del-mobile\/","title":{"rendered":"Salone del Mobile"},"content":{"rendered":"<div class=\"wpb-content-wrapper\"><p>[vc_row][vc_column][vc_column_text]<\/p>\n<p style=\"text-align: left;\">Con ricorrenza annuale forniamo servizi di pulizia per l&#8217;evento internazionale del Salone del Mobile di Milano che quest&#8217;anno si svolger\u00e0 dal 12 al 17 aprile 2016.<\/p>\n<p style=\"text-align: left;\">Forniamo i seguenti servizi:<br \/>\n<ul class='dt-sc-fancy-list  blue  arrow'>\n<li>pulizie generali pre-allestimento e di cantiere.<\/li>\n<li>pulizie giornaliere durante la manifestazione.<\/li>\n<li>servizio di presidio.<\/li>\n<li>pulizie generali a termine manifestazione.<\/li>\n<\/ul>\n<p style=\"text-align: left;\">\nPer questi servizi e per qualsiasi altra necessit\u00e0 \u00e8 possibile contattarci ai riferimenti della pagina Contatti oppure richiedere un preventivo gratuito compilando online il nostro form.<\/p>\n<p style=\"text-align: left;\">Da diversi anni lavoriamo per Clienti fissi, anche stranieri, per il Fuori Salone in zona Tortona e Lambrate.<\/p>\n<p>[\/vc_column_text][\/vc_column][\/vc_row][vc_row][vc_column][vc_masonry_media_grid gap=&#8221;10&#8243; initial_loading_animation=&#8221;fadeIn&#8221; grid_id=&#8221;vc_gid:1491205155404-b64701d0-e0a7-10&#8243; include=&#8221;7438,7440,7442,7444,7446,7448,7450&#8243;][\/vc_column][\/vc_row][vc_row][vc_column][vc_column_text]<\/p>\n<article class=\"node-45 node node-type-page build-mode-full clearfix\">\n<div class=\"clear_content\" style=\"text-align: center;\">Alcuni esempi del nostro concetto di pulizia e &#8230;. alcuni nostri fidati collaboratori!<\/div>\n<\/article>\n<div class=\"sixlands_content_bottom\"><\/div>\n<p>[\/vc_column_text][\/vc_column][\/vc_row]<\/p>\n<\/div>","protected":false},"excerpt":{"rendered":"<p>[vc_row][vc_column][vc_column_text] Con ricorrenza annuale forniamo servizi di pulizia per l&#8217;evento internazionale del Salone del Mobile di Milano che quest&#8217;anno si svolger\u00e0 dal 12 al 17 aprile 2016. Forniamo i seguenti servizi: Per questi servizi e per qualsiasi altra necessit\u00e0 \u00e8 possibile contattarci ai riferimenti della pagina Contatti oppure richiedere un preventivo gratuito compilando online il [&hellip;]<\/p>\n","protected":false},"author":1,"featured_media":9009,"parent":7387,"menu_order":0,"comment_status":"closed","ping_status":"closed","template":"","meta":{"_acf_changed":false,"footnotes":""},"class_list":["post-7396","page","type-page","status-publish","has-post-thumbnail","hentry"],"acf":[],"aioseo_notices":[],"amp_enabled":true,"_links":{"self":[{"href":"https:\/\/sixlands.it\/en\/wp-json\/wp\/v2\/pages\/7396\/"}],"collection":[{"href":"https:\/\/sixlands.it\/en\/wp-json\/wp\/v2\/pages\/"}],"about":[{"href":"https:\/\/sixlands.it\/en\/wp-json\/wp\/v2\/types\/page\/"}],"author":[{"embeddable":true,"href":"https:\/\/sixlands.it\/en\/wp-json\/wp\/v2\/users\/1\/"}],"replies":[{"embeddable":true,"href":"https:\/\/sixlands.it\/en\/wp-json\/wp\/v2\/comments\/?post=7396"}],"version-history":[{"count":2,"href":"https:\/\/sixlands.it\/en\/wp-json\/wp\/v2\/pages\/7396\/revisions\/"}],"predecessor-version":[{"id":9414,"href":"https:\/\/sixlands.it\/en\/wp-json\/wp\/v2\/pages\/7396\/revisions\/9414\/"}],"up":[{"embeddable":true,"href":"https:\/\/sixlands.it\/en\/wp-json\/wp\/v2\/pages\/7387\/"}],"wp:featuredmedia":[{"embeddable":true,"href":"https:\/\/sixlands.it\/en\/wp-json\/wp\/v2\/media\/9009\/"}],"wp:attachment":[{"href":"https:\/\/sixlands.it\/en\/wp-json\/wp\/v2\/media\/?parent=7396"}],"curies":[{"name":"wp","href":"https:\/\/api.w.org\/{rel}","templated":true}]}}